{"id":24331,"date":"2024-06-25T06:15:40","date_gmt":"2024-06-25T04:16:45","guid":{"rendered":"https:\/\/alfathtechnology.com\/?post_type=product&#038;p=24331"},"modified":"2024-06-25T06:16:45","modified_gmt":"2024-06-25T04:16:45","slug":"%d9%83%d8%a7%d9%85%d9%8a%d8%b1%d8%a7-%d9%85%d8%b1%d8%a7%d9%82%d8%a8%d8%a9-ip-%d9%87%d9%8a%d9%83%d9%81%d9%8a%d8%ac%d9%86-%d8%af%d8%a7%d8%ae%d9%84%d9%8a%d8%a9-5-%d9%85%d9%8a%d8%ac%d8%a7%d8%a8%d9%83","status":"publish","type":"product","link":"https:\/\/alfathtechnology.com\/ar\/product\/%d9%83%d8%a7%d9%85%d9%8a%d8%b1%d8%a7-%d9%85%d8%b1%d8%a7%d9%82%d8%a8%d8%a9-ip-%d9%87%d9%8a%d9%83%d9%81%d9%8a%d8%ac%d9%86-%d8%af%d8%a7%d8%ae%d9%84%d9%8a%d8%a9-5-%d9%85%d9%8a%d8%ac%d8%a7%d8%a8%d9%83\/","title":{"rendered":"\u0643\u0627\u0645\u064a\u0631\u0627 \u0645\u0631\u0627\u0642\u0628\u0629 IP \u0647\u064a\u0643\u0641\u064a\u062c\u0646 \u062f\u0627\u062e\u0644\u064a\u0629 5 \u0645\u064a\u062c\u0627\u0628\u0643\u0633\u0644 2.8 \u0645\u0644\u0645 DS-2CD1153G0-I"},"content":{"rendered":"<p style=\"text-align: right;\">\u0627\u0644\u0639\u0644\u0627\u0645\u0629 \u0627\u0644\u062a\u062c\u0627\u0631\u064a\u0629: \u0647\u064a\u0643\u0641\u064a\u062c\u0646<\/p>\n<p style=\"text-align: right;\">\u0627\u0644\u0645\u0648\u062f\u064a\u0644: DS-2CD1153G0-I<\/p>\n<p style=\"text-align: right;\">\u0627\u0644\u0646\u0648\u0639: \u0643\u0627\u0645\u064a\u0631\u0627 \u0645\u0631\u0627\u0642\u0628\u0629<\/p>\n<p style=\"text-align: right;\">\u0627\u0644\u0643\u0627\u0645\u064a\u0631\u0627<\/p>\n<p style=\"text-align: right;\">\u0645\u0633\u062a\u0634\u0639\u0631 \u0627\u0644\u0635\u0648\u0631\u0629: 1\/2.7 \u0628\u0648\u0635\u0629 \u0645\u0633\u062d \u0645\u0633\u062a\u0645\u0631 CMOS<\/p>\n<p style=\"text-align: right;\">\u0627\u0644\u062f\u0642\u0629: 2560 \u00d7 1920<\/p>\n<p style=\"text-align: right;\">\u0645\u0639\u062f\u0644 \u0627\u0644\u0625\u0637\u0627\u0631:<\/p>\n<p style=\"text-align: right;\">25 fps (2560 \u00d7 1440, 1920 \u00d7 1080, 1280 \u00d7 720) \/ 30 fps (2560 \u00d7 1440, 1920 \u00d7 1080, 1280 \u00d7 720)<\/p>\n<p style=\"text-align: right;\">\u0627\u0644\u0639\u062f\u0633\u0629: 2.8 \u0645\u0644\u0645<\/p>\n<p style=\"text-align: right;\">\u0648\u0642\u062a \u0627\u0644\u063a\u0627\u0644\u0642: 1\/3 \u062b\u0627\u0646\u064a\u0629 \u0625\u0644\u0649 1\/100,000 \u062b\u0627\u0646\u064a\u0629 :PAL<\/p>\n<p style=\"text-align: right;\">\u0627\u0644\u062d\u062f \u0627\u0644\u0623\u062f\u0646\u0649 \u0644\u0644\u0625\u0636\u0627\u0621\u0629: \u0623\u0644\u0648\u0627\u0646: 0.01Lux @ (F1.2; AGC ON) , 0.028 Lux @(F2.0; AGC ON)<\/p>\n<p style=\"text-align: right;\">\u0646\u0637\u0627\u0642 \u0627\u0644\u062a\u0639\u062f\u064a\u0644: \u0627\u0644\u0648\u062c\u0647: 0 &#8211; 355 \u062f\u0631\u062c\u0629 \u060c \u0627\u0644\u0625\u0645\u0627\u0644\u0629: 0 &#8211; 75 \u062f\u0631\u062c\u0629<\/p>\n<p style=\"text-align: right;\">\u062a\u0631\u0643\u064a\u0628 \u0627\u0644\u0639\u062f\u0633\u0629: M12<\/p>\n<p style=\"text-align: right;\">\u0644\u064a\u0644\u0627 \u0648\u0646\u0647\u0627\u0631\u0627: IR cut filter<\/p>\n<p style=\"text-align: right;\">\u0648\u0636\u0639 D\/N: \u062a\u0644\u0642\u0627\u0626\u064a \/ \u062c\u062f\u0648\u0644\/ \u0644\u064a\u0644 \u0648\u0646\u0647\u0627\u0631<\/p>\n<p style=\"text-align: right;\">\u0648\u0627\u062c\u0647\u0647<\/p>\n<p style=\"text-align: right;\">\u0648\u0627\u062c\u0647\u0629 \u0627\u0644\u0627\u062a\u0635\u0627\u0644: 1 \u0645\u0646\u0641\u0630 \u0625\u064a\u062b\u0631\u0646\u062a RJ45 10M\/100M \u0630\u0627\u062a\u064a \u0627\u0644\u062a\u0643\u064a\u0641<\/p>\n<p style=\"text-align: right;\">\u0627\u0644\u062e\u0635\u0627\u0626\u0635 \u0627\u0644\u0639\u0627\u0645\u0629<\/p>\n<p style=\"text-align: right;\">\u0638\u0631\u0648\u0641 \u0627\u0644\u062a\u0634\u063a\u064a\u0644: -30 \u062f\u0631\u062c\u0629 \u0645\u0626\u0648\u064a\u0629 \u0625\u0644\u0649 +60 \u062f\u0631\u062c\u0629 \u0645\u0626\u0648\u064a\u0629 (-22 \u062f\u0631\u062c\u0629 \u0641\u0647\u0631\u0646\u0647\u0627\u064a\u062a \u0625\u0644\u0649 +140 \u062f\u0631\u062c\u0629 \u0641\u0647\u0631\u0646\u0647\u0627\u064a\u062a)\u060c \u0627\u0644\u0631\u0637\u0648\u0628\u0629 95% \u0623\u0648 \u0623\u0642\u0644 (\u063a\u064a\u0631 \u0645\u062a\u0643\u062b\u0641\u0629)<\/p>\n<p style=\"text-align: right;\">\u0645\u062f\u0649 IR: \u064a\u0635\u0644 \u0627\u0644\u064a 30 \u0645\u062a\u0631<\/p>\n<p style=\"text-align: right;\">\u0645\u0633\u062a\u0648\u0649 \u0627\u0644\u062d\u0645\u0627\u064a\u0629: IP67<\/p>\n<p style=\"text-align: right;\">\u0645\u0635\u062f\u0631 \u0627\u0644\u0637\u0627\u0642\u0629: 12 \u0641\u0648\u0644\u062a \u00b125%<\/p>\n<p style=\"text-align: right;\">\u0627\u0633\u062a\u0647\u0644\u0627\u0643 \u0627\u0644\u0637\u0627\u0642\u0629: 6 \u0648\u0627\u062a<\/p>\n<p style=\"text-align: right;\">\u0627\u0644\u062e\u0627\u0645\u0629: \u0628\u0644\u0627\u0633\u062a\u064a\u0643<\/p>\n<p style=\"text-align: right;\">\u0627\u0644\u0623\u0628\u0639\u0627\u062f: \u00d8 111 \u00d7 82.4 \u0645\u0644\u0645<\/p>\n<p style=\"text-align: right;\">\u0627\u0644\u0648\u0632\u0646: 400 \u062c\u0631\u0627\u0645<\/p>\n<p style=\"text-align: right;\">\u0627\u0644\u0636\u0645\u0627\u0646: \u0633\u0646\u0629 \u0628\u0636\u0645\u0627\u0646 \u0627\u0644\u0648\u0643\u064a\u0644 \u0627\u0644\u0645\u0639\u062a\u0645\u062f<\/p>\n","protected":false},"excerpt":{"rendered":"<p>\u0627\u0644\u0639\u0644\u0627\u0645\u0629 \u0627\u0644\u062a\u062c\u0627\u0631\u064a\u0629: \u0647\u064a\u0643\u0641\u064a\u062c\u0646 \u0627\u0644\u0645\u0648\u062f\u064a\u0644: DS-2CD1153G0-I \u0627\u0644\u0646\u0648\u0639: \u0643\u0627\u0645\u064a\u0631\u0627 \u0645\u0631\u0627\u0642\u0628\u0629 \u0627\u0644\u0643\u0627\u0645\u064a\u0631\u0627 \u0645\u0633\u062a\u0634\u0639\u0631 \u0627\u0644\u0635\u0648\u0631\u0629: 1\/2.7 \u0628\u0648\u0635\u0629 \u0645\u0633\u062d \u0645\u0633\u062a\u0645\u0631 CMOS \u0627\u0644\u062f\u0642\u0629: 2560 \u00d7 1920<\/p>\n","protected":false},"featured_media":24325,"template":"","meta":{"_acf_changed":false,"om_disable_all_campaigns":false,"_monsterinsights_skip_tracking":false,"_monsterinsights_sitenote_active":false,"_monsterinsights_sitenote_note":"","_monsterinsights_sitenote_category":0},"product_brand":[],"product_cat":[2598,2608],"product_tag":[],"class_list":{"0":"post-24331","1":"product","2":"type-product","3":"status-publish","4":"has-post-thumbnail","6":"product_cat-2598","7":"product_cat-2608","9":"first","10":"outofstock","11":"sale","12":"taxable","13":"shipping-taxable","14":"purchasable","15":"product-type-simple"},"acf":[],"_links":{"self":[{"href":"https:\/\/alfathtechnology.com\/ar\/wp-json\/wp\/v2\/product\/24331","targetHints":{"allow":["GET"]}}],"collection":[{"href":"https:\/\/alfathtechnology.com\/ar\/wp-json\/wp\/v2\/product"}],"about":[{"href":"https:\/\/alfathtechnology.com\/ar\/wp-json\/wp\/v2\/types\/product"}],"version-history":[{"count":1,"href":"https:\/\/alfathtechnology.com\/ar\/wp-json\/wp\/v2\/product\/24331\/revisions"}],"predecessor-version":[{"id":24332,"href":"https:\/\/alfathtechnology.com\/ar\/wp-json\/wp\/v2\/product\/24331\/revisions\/24332"}],"wp:featuredmedia":[{"embeddable":true,"href":"https:\/\/alfathtechnology.com\/ar\/wp-json\/wp\/v2\/media\/24325"}],"wp:attachment":[{"href":"https:\/\/alfathtechnology.com\/ar\/wp-json\/wp\/v2\/media?parent=24331"}],"wp:term":[{"taxonomy":"product_brand","embeddable":true,"href":"https:\/\/alfathtechnology.com\/ar\/wp-json\/wp\/v2\/product_brand?post=24331"},{"taxonomy":"product_cat","embeddable":true,"href":"https:\/\/alfathtechnology.com\/ar\/wp-json\/wp\/v2\/product_cat?post=24331"},{"taxonomy":"product_tag","embeddable":true,"href":"https:\/\/alfathtechnology.com\/ar\/wp-json\/wp\/v2\/product_tag?post=24331"}],"curies":[{"name":"wp","href":"https:\/\/api.w.org\/{rel}","templated":true}]}}