{"id":21165,"date":"2024-01-30T23:04:06","date_gmt":"2024-01-30T21:04:06","guid":{"rendered":"https:\/\/alfathtechnology.com\/?post_type=product&#038;p=21165"},"modified":"2024-05-30T04:38:51","modified_gmt":"2024-05-30T02:38:51","slug":"%d9%83%d8%a7%d9%85%d9%8a%d8%b1%d8%a7-%d9%85%d8%b1%d8%a7%d9%82%d8%a8%d8%a9-%d9%8a%d9%88%d9%86%d9%8a%d9%81%d9%8a%d9%88-%d8%af%d8%a7%d8%ae%d9%84%d9%8a-5-%d9%85%d9%8a%d8%ac%d8%a7%d8%a8%d9%83%d8%b3%d9%84-2","status":"publish","type":"product","link":"https:\/\/alfathtechnology.com\/ar\/product\/%d9%83%d8%a7%d9%85%d9%8a%d8%b1%d8%a7-%d9%85%d8%b1%d8%a7%d9%82%d8%a8%d8%a9-%d9%8a%d9%88%d9%86%d9%8a%d9%81%d9%8a%d9%88-%d8%af%d8%a7%d8%ae%d9%84%d9%8a-5-%d9%85%d9%8a%d8%ac%d8%a7%d8%a8%d9%83%d8%b3%d9%84-2\/","title":{"rendered":"\u0643\u0627\u0645\u064a\u0631\u0627 \u0645\u0631\u0627\u0642\u0628\u0629 \u064a\u0648\u0646\u064a\u0641\u064a\u0648 \u062f\u0627\u062e\u0644\u064a 5 \u0645\u064a\u062c\u0627\u0628\u0643\u0633\u0644 2.8 \u0645\u0644\u0645 UAC-T115-F28-W (ColourHunter)"},"content":{"rendered":"<p style=\"text-align: right;\">\u0627\u0644\u0639\u0644\u0627\u0645\u0629 \u0627\u0644\u062a\u062c\u0627\u0631\u064a\u0629: \u064a\u0648\u0646\u064a\u0641\u064a\u0648<\/p>\n<p style=\"text-align: right;\">\u0627\u0644\u0645\u0648\u062f\u064a\u0644: UAC-T115-F28-W<\/p>\n<p style=\"text-align: right;\">\u0627\u0644\u0646\u0648\u0639: \u0643\u0627\u0645\u064a\u0631\u0627 \u0645\u0631\u0627\u0642\u0628\u0629<\/p>\n<p style=\"text-align: right;\">\u0627\u0644\u0643\u0627\u0645\u064a\u0631\u0627<\/p>\n<p style=\"text-align: right;\">\u0645\u0633\u062a\u0634\u0639\u0631 \u0627\u0644\u0635\u0648\u0631\u0629: 1\/2.7&#8243;\u0628\u0648\u0635\u0629 5 \u0645\u064a\u062c\u0627\u0628\u0643\u0633\u0644<\/p>\n<p style=\"text-align: right;\">\u0627\u0644\u062f\u0642\u0629: 5MP@25fps: 2880(H)\u00d71620(V); 5MP@20fps: 2592(H)\u00d71944(V);5MP@12.5fps: 2592(H)\u00d71944(V) &#8211; 4MP: 2560(H)\u00d71440(V) &#8211; 1080P: 1920(H)\u00d71080(V)<\/p>\n<p style=\"text-align: right;\">\u0645\u0639\u062f\u0644 \u0627\u0644\u0625\u0637\u0627\u0631: TVI: 5MP@20fps, 5MP@12.5fps, 4MP@30fps, 4MP@25fps, 1080P@30fps, 1080P@25fps &#8211; AHD: 5MP@20fps, 4MP@30fps, 4MP@25fps, 1080P@30fps, 1080P@25fps &#8211; CVI: 5MP@25fps, 4MP@30fps, 4MP@25fps, 1080P@30fps, 1080P@25fps &#8211; CVBS: PAL, NTSC<\/p>\n<p style=\"text-align: right;\">\u0627\u0644\u0639\u062f\u0633\u0629: 2.8 \u0645\u0644\u0645<\/p>\n<p style=\"text-align: right;\">\u0648\u0642\u062a \u0627\u0644\u063a\u0627\u0644\u0642: PAL: 1\/25 \u062b\u0627\u0646\u064a\u0629 -1 \/ 50000 \u062b\u0627\u0646\u064a\u0629 &#8211; NTSC: 1\/30 \u062b\u0627\u0646\u064a\u0629 &#8211; 1\/50000 \u062b\u0627\u0646\u064a\u0629<\/p>\n<p style=\"text-align: right;\">\u0627\u0644\u062d\u062f \u0627\u0644\u0623\u062f\u0646\u0649 \u0644\u0644\u0625\u0636\u0627\u0621\u0629: 0.01 lux (\u064a\u0639\u0645\u0644F1.6, AGC ON) &#8211; 0 Lux With IR (\u0636\u0648\u0621 \u0623\u0628\u064a\u0636)<\/p>\n<p style=\"text-align: right;\">\u0632\u0627\u0648\u064a\u0629 \u0627\u0644\u0631\u0624\u064a\u0629: H: 110.0\u00b0 V: 57.0\u00b0 D: 130.0\u00b0<\/p>\n<p style=\"text-align: right;\">\u0648\u0636\u0639 D\/N: (\u0627\u0641\u062a\u0631\u0627\u0636\u064a) \u060c BLC \u060c HLC \u060c DWDR &#8211; \u0635\u0648\u0631 \u0645\u0644\u0648\u0646\u0629 24\/7<\/p>\n<p style=\"text-align: right;\">\u0648\u0627\u062c\u0647\u0647<\/p>\n<p style=\"text-align: right;\">\u0627\u0644\u0637\u0627\u0642\u0629: \u0648\u0627\u062c\u0647\u0629 \u0637\u0627\u0642\u0629 5.5 \u0645\u0644\u0644\u064a \u0645\u062a\u0631<\/p>\n<p style=\"text-align: right;\">\u0625\u062e\u0631\u0627\u062c \u0627\u0644\u0641\u064a\u062f\u064a\u0648: BNC \u060c \u064a\u062f\u0639\u0645 TVI \/ AHD \/ CVI \/ CVBS<\/p>\n<p style=\"text-align: right;\">\u0627\u0644\u062e\u0635\u0627\u0626\u0635 \u0627\u0644\u0639\u0627\u0645\u0629<\/p>\n<p style=\"text-align: right;\">\u0638\u0631\u0648\u0641 \u0627\u0644\u062a\u0634\u063a\u064a\u0644: -30 \u2103 \u0625\u0644\u0649 60 (-22 \u2109 \u0625\u0644\u0649 140 \u2109) \u0627\u0644\u0631\u0637\u0648\u0628\u0629: \u226495\u066a (RH \u060c \u0628\u062f\u0648\u0646 \u062a\u0643\u0627\u062b\u0641)<\/p>\n<p style=\"text-align: right;\">\u0645\u0633\u062a\u0648\u0649 \u0627\u0644\u062d\u0645\u0627\u064a\u0629: IP67<\/p>\n<p style=\"text-align: right;\">\u0645\u0635\u062f\u0631 \u0627\u0644\u0637\u0627\u0642\u0629: \u062a\u064a\u0627\u0631 \u0645\u0633\u062a\u0645\u0631 12 \u0641\u0648\u0644\u062a (\u00b1 25\u066a) \u060c \u0645\u0639 \u062d\u0645\u0627\u064a\u0629 \u0642\u0637\u0628\u064a\u0629 \u0639\u0643\u0633\u064a\u0629 \u0648\u062d\u0645\u0627\u064a\u0629 \u0645\u0646 \u0632\u064a\u0627\u062f\u0629 \u0627\u0644\u062a\u064a\u0627\u0631 \u060c \u0628\u062d\u062f \u0623\u0642\u0635\u0649 2.4 \u0648\u0627\u062a<\/p>\n<p style=\"text-align: right;\">\u0627\u0644\u0645\u0627\u062f\u0629: \u0628\u0644\u0627\u0633\u062a\u064a\u0643<\/p>\n<p style=\"text-align: right;\">\u0627\u0644\u0623\u0628\u0639\u0627\u062f: \u03a6118 \u00d7 96 \u0645\u0644\u0645<\/p>\n<p style=\"text-align: right;\">\u0627\u0644\u0648\u0632\u0646: 205 \u062c\u0631\u0627\u0645<\/p>\n<p style=\"text-align: right;\">\u0627\u0644\u0636\u0645\u0627\u0646: \u0633\u0646\u0629<\/p>\n<p style=\"text-align: right;\">\u0644\u0644\u062d\u0635\u0648\u0644 \u0639\u0644\u0649 \u0627\u0644\u0639\u0631\u0648\u0636 \u0627\u062a\u0635\u0644 \u0628\u0646\u0627<\/p>\n","protected":false},"excerpt":{"rendered":"<p>\u0627\u0644\u0639\u0644\u0627\u0645\u0629 \u0627\u0644\u062a\u062c\u0627\u0631\u064a\u0629: \u064a\u0648\u0646\u064a\u0641\u064a\u0648 \u0627\u0644\u0645\u0648\u062f\u064a\u0644: UAC-T115-F28-W \u0627\u0644\u0646\u0648\u0639: \u0643\u0627\u0645\u064a\u0631\u0627 \u0645\u0631\u0627\u0642\u0628\u0629 \u0627\u0644\u0643\u0627\u0645\u064a\u0631\u0627 \u0645\u0633\u062a\u0634\u0639\u0631 \u0627\u0644\u0635\u0648\u0631\u0629: 1\/2.7&#8243;\u0628\u0648\u0635\u0629 5 \u0645\u064a\u062c\u0627\u0628\u0643\u0633\u0644 \u0627\u0644\u062f\u0642\u0629: 5MP@25fps: 2880(H)\u00d71620(V); 5MP@20fps: 2592(H)\u00d71944(V);5MP@12.5fps: 2592(H)\u00d71944(V)<\/p>\n","protected":false},"featured_media":21170,"template":"","meta":{"_acf_changed":false,"om_disable_all_campaigns":false,"_monsterinsights_skip_tracking":false,"_monsterinsights_sitenote_active":false,"_monsterinsights_sitenote_note":"","_monsterinsights_sitenote_category":0},"product_brand":[],"product_cat":[2598,2608],"product_tag":[],"class_list":{"0":"post-21165","1":"product","2":"type-product","3":"status-publish","4":"has-post-thumbnail","6":"product_cat-2598","7":"product_cat-2608","9":"first","10":"instock","11":"sale","12":"taxable","13":"shipping-taxable","14":"purchasable","15":"product-type-simple"},"acf":[],"_links":{"self":[{"href":"https:\/\/alfathtechnology.com\/ar\/wp-json\/wp\/v2\/product\/21165","targetHints":{"allow":["GET"]}}],"collection":[{"href":"https:\/\/alfathtechnology.com\/ar\/wp-json\/wp\/v2\/product"}],"about":[{"href":"https:\/\/alfathtechnology.com\/ar\/wp-json\/wp\/v2\/types\/product"}],"version-history":[{"count":1,"href":"https:\/\/alfathtechnology.com\/ar\/wp-json\/wp\/v2\/product\/21165\/revisions"}],"predecessor-version":[{"id":21172,"href":"https:\/\/alfathtechnology.com\/ar\/wp-json\/wp\/v2\/product\/21165\/revisions\/21172"}],"wp:featuredmedia":[{"embeddable":true,"href":"https:\/\/alfathtechnology.com\/ar\/wp-json\/wp\/v2\/media\/21170"}],"wp:attachment":[{"href":"https:\/\/alfathtechnology.com\/ar\/wp-json\/wp\/v2\/media?parent=21165"}],"wp:term":[{"taxonomy":"product_brand","embeddable":true,"href":"https:\/\/alfathtechnology.com\/ar\/wp-json\/wp\/v2\/product_brand?post=21165"},{"taxonomy":"product_cat","embeddable":true,"href":"https:\/\/alfathtechnology.com\/ar\/wp-json\/wp\/v2\/product_cat?post=21165"},{"taxonomy":"product_tag","embeddable":true,"href":"https:\/\/alfathtechnology.com\/ar\/wp-json\/wp\/v2\/product_tag?post=21165"}],"curies":[{"name":"wp","href":"https:\/\/api.w.org\/{rel}","templated":true}]}}